{"id":43,"date":"2023-03-16T16:12:27","date_gmt":"2023-03-16T19:12:27","guid":{"rendered":"https:\/\/zrnews.net\/?page_id=43"},"modified":"2023-04-03T16:02:06","modified_gmt":"2023-04-03T19:02:06","slug":"sobre","status":"publish","type":"page","link":"https:\/\/zrnews.net\/index.php\/sobre\/","title":{"rendered":"Sobre"},"content":{"rendered":"\t\t<div data-elementor-type=\"wp-page\" data-elementor-id=\"43\" class=\"elementor elementor-43\">\n\t\t\t\t\t\t\t\t\t<section class=\"elementor-section elementor-top-section elementor-element elementor-element-0374d93 elementor-section-boxed elementor-section-height-default elementor-section-height-default\" data-id=\"0374d93\" data-element_type=\"section\" data-settings=\"{&quot;background_background&quot;:&quot;classic&quot;}\">\n\t\t\t\t\t\t<div class=\"elementor-container elementor-column-gap-default\">\n\t\t\t\t\t<div class=\"elementor-column elementor-col-100 elementor-top-column elementor-element elementor-element-5ab0b8b\" data-id=\"5ab0b8b\" data-element_type=\"column\">\n\t\t\t<div class=\"elementor-widget-wrap elementor-element-populated\">\n\t\t\t\t\t\t\t\t<div class=\"elementor-element elementor-element-3f1dbc8 elementor-widget elementor-widget-heading\" data-id=\"3f1dbc8\" data-element_type=\"widget\" data-widget_type=\"heading.default\">\n\t\t\t\t<div class=\"elementor-widget-container\">\n\t\t\t<style>\/*! elementor - v3.12.1 - 02-04-2023 *\/\n.elementor-heading-title{padding:0;margin:0;line-height:1}.elementor-widget-heading .elementor-heading-title[class*=elementor-size-]>a{color:inherit;font-size:inherit;line-height:inherit}.elementor-widget-heading .elementor-heading-title.elementor-size-small{font-size:15px}.elementor-widget-heading .elementor-heading-title.elementor-size-medium{font-size:19px}.elementor-widget-heading .elementor-heading-title.elementor-size-large{font-size:29px}.elementor-widget-heading .elementor-heading-title.elementor-size-xl{font-size:39px}.elementor-widget-heading .elementor-heading-title.elementor-size-xxl{font-size:59px}<\/style><h2 class=\"elementor-heading-title elementor-size-xl\">Sobre o ZR News<\/h2>\t\t<\/div>\n\t\t\t\t<\/div>\n\t\t\t\t\t<\/div>\n\t\t<\/div>\n\t\t\t\t\t\t\t<\/div>\n\t\t<\/section>\n\t\t\t\t<section class=\"elementor-section elementor-top-section elementor-element elementor-element-61c13eb elementor-section-full_width elementor-section-stretched elementor-section-height-default elementor-section-height-default\" data-id=\"61c13eb\" data-element_type=\"section\" data-settings=\"{&quot;stretch_section&quot;:&quot;section-stretched&quot;,&quot;background_background&quot;:&quot;classic&quot;}\">\n\t\t\t\t\t\t<div class=\"elementor-container elementor-column-gap-default\">\n\t\t\t\t\t<div class=\"elementor-column elementor-col-100 elementor-top-column elementor-element elementor-element-24e2171\" data-id=\"24e2171\" data-element_type=\"column\">\n\t\t\t<div class=\"elementor-widget-wrap elementor-element-populated\">\n\t\t\t\t\t\t\t\t<div class=\"elementor-element elementor-element-514fa60 elementor-widget elementor-widget-image\" data-id=\"514fa60\" data-element_type=\"widget\" data-widget_type=\"image.default\">\n\t\t\t\t<div class=\"elementor-widget-container\">\n\t\t\t<style>\/*! elementor - v3.12.1 - 02-04-2023 *\/\n.elementor-widget-image{text-align:center}.elementor-widget-image a{display:inline-block}.elementor-widget-image a img[src$=\".svg\"]{width:48px}.elementor-widget-image img{vertical-align:middle;display:inline-block}<\/style>\t\t\t\t\t\t\t\t\t\t\t\t<img decoding=\"async\" width=\"768\" height=\"509\" src=\"https:\/\/zrnews.net\/wp-content\/uploads\/2023\/03\/Zerri-Torquato-768x509.jpeg\" class=\"attachment-medium_large size-medium_large wp-image-112\" alt=\"\" loading=\"lazy\" srcset=\"https:\/\/zrnews.net\/wp-content\/uploads\/2023\/03\/Zerri-Torquato-768x509.jpeg 768w, https:\/\/zrnews.net\/wp-content\/uploads\/2023\/03\/Zerri-Torquato-300x199.jpeg 300w, https:\/\/zrnews.net\/wp-content\/uploads\/2023\/03\/Zerri-Torquato.jpeg 1024w\" sizes=\"(max-width: 768px) 100vw, 768px\" \/>\t\t\t\t\t\t\t\t\t\t\t\t\t\t\t<\/div>\n\t\t\t\t<\/div>\n\t\t\t\t\t<\/div>\n\t\t<\/div>\n\t\t\t\t\t\t\t<\/div>\n\t\t<\/section>\n\t\t\t\t<section class=\"elementor-section elementor-top-section elementor-element elementor-element-6e90d45 elementor-section-boxed elementor-section-height-default elementor-section-height-default\" data-id=\"6e90d45\" data-element_type=\"section\" data-settings=\"{&quot;background_background&quot;:&quot;classic&quot;}\">\n\t\t\t\t\t\t<div class=\"elementor-container elementor-column-gap-default\">\n\t\t\t\t\t<div class=\"elementor-column elementor-col-100 elementor-top-column elementor-element elementor-element-d72102c\" data-id=\"d72102c\" data-element_type=\"column\">\n\t\t\t<div class=\"elementor-widget-wrap elementor-element-populated\">\n\t\t\t\t\t\t\t\t<div class=\"elementor-element elementor-element-3250ae7 elementor-widget__width-initial elementor-widget elementor-widget-text-editor\" data-id=\"3250ae7\" data-element_type=\"widget\" data-widget_type=\"text-editor.default\">\n\t\t\t\t<div class=\"elementor-widget-container\">\n\t\t\t<style>\/*! elementor - v3.12.1 - 02-04-2023 *\/\n.elementor-widget-text-editor.elementor-drop-cap-view-stacked .elementor-drop-cap{background-color:#69727d;color:#fff}.elementor-widget-text-editor.elementor-drop-cap-view-framed .elementor-drop-cap{color:#69727d;border:3px solid;background-color:transparent}.elementor-widget-text-editor:not(.elementor-drop-cap-view-default) .elementor-drop-cap{margin-top:8px}.elementor-widget-text-editor:not(.elementor-drop-cap-view-default) .elementor-drop-cap-letter{width:1em;height:1em}.elementor-widget-text-editor .elementor-drop-cap{float:left;text-align:center;line-height:1;font-size:50px}.elementor-widget-text-editor .elementor-drop-cap-letter{display:inline-block}<\/style>\t\t\t\t<p>O ZR News \u00e9 um programa de radiojornalismo independente da ZRcom Assessoria. \u00c9 apresentado por Zerri Torquato e vai ao ar de segunda a sexta, das 11 horas ao meio-dia, na r\u00e1dio Santa Cec\u00edlia FM.<\/p><p>Tem como pautas principais o coment\u00e1rio pol\u00edtico em todas as esferas governamentais e de decis\u00e3o, e o empreendedorismo. Tamb\u00e9m implementamos a editoria do Porto com foco na agenda empresarial, a fim de aproximar o segmento da sociedade, sem esquecer os grandes temas do universo portu\u00e1rio<\/p>\t\t\t\t\t\t<\/div>\n\t\t\t\t<\/div>\n\t\t\t\t\t<\/div>\n\t\t<\/div>\n\t\t\t\t\t\t\t<\/div>\n\t\t<\/section>\n\t\t\t\t<section class=\"elementor-section elementor-top-section elementor-element elementor-element-259e0e0 elementor-section-boxed elementor-section-height-default elementor-section-height-default\" data-id=\"259e0e0\" data-element_type=\"section\">\n\t\t\t\t\t\t<div class=\"elementor-container elementor-column-gap-default\">\n\t\t\t\t\t<div class=\"elementor-column elementor-col-100 elementor-top-column elementor-element elementor-element-ad838d6\" data-id=\"ad838d6\" data-element_type=\"column\">\n\t\t\t<div class=\"elementor-widget-wrap elementor-element-populated\">\n\t\t\t\t\t\t\t\t<div class=\"elementor-element elementor-element-40f2586 elementor-widget-divider--separator-type-pattern elementor-widget-divider--view-line elementor-widget elementor-widget-divider\" data-id=\"40f2586\" data-element_type=\"widget\" data-widget_type=\"divider.default\">\n\t\t\t\t<div class=\"elementor-widget-container\">\n\t\t\t<style>\/*! elementor - v3.12.1 - 02-04-2023 *\/\n.elementor-widget-divider{--divider-border-style:none;--divider-border-width:1px;--divider-color:#0c0d0e;--divider-icon-size:20px;--divider-element-spacing:10px;--divider-pattern-height:24px;--divider-pattern-size:20px;--divider-pattern-url:none;--divider-pattern-repeat:repeat-x}.elementor-widget-divider .elementor-divider{display:flex}.elementor-widget-divider .elementor-divider__text{font-size:15px;line-height:1;max-width:95%}.elementor-widget-divider .elementor-divider__element{margin:0 var(--divider-element-spacing);flex-shrink:0}.elementor-widget-divider .elementor-icon{font-size:var(--divider-icon-size)}.elementor-widget-divider .elementor-divider-separator{display:flex;margin:0;direction:ltr}.elementor-widget-divider--view-line_icon .elementor-divider-separator,.elementor-widget-divider--view-line_text .elementor-divider-separator{align-items:center}.elementor-widget-divider--view-line_icon .elementor-divider-separator:after,.elementor-widget-divider--view-line_icon .elementor-divider-separator:before,.elementor-widget-divider--view-line_text .elementor-divider-separator:after,.elementor-widget-divider--view-line_text .elementor-divider-separator:before{display:block;content:\"\";border-bottom:0;flex-grow:1;border-top:var(--divider-border-width) var(--divider-border-style) var(--divider-color)}.elementor-widget-divider--element-align-left .elementor-divider .elementor-divider-separator>.elementor-divider__svg:first-of-type{flex-grow:0;flex-shrink:100}.elementor-widget-divider--element-align-left .elementor-divider-separator:before{content:none}.elementor-widget-divider--element-align-left .elementor-divider__element{margin-left:0}.elementor-widget-divider--element-align-right .elementor-divider .elementor-divider-separator>.elementor-divider__svg:last-of-type{flex-grow:0;flex-shrink:100}.elementor-widget-divider--element-align-right .elementor-divider-separator:after{content:none}.elementor-widget-divider--element-align-right .elementor-divider__element{margin-right:0}.elementor-widget-divider:not(.elementor-widget-divider--view-line_text):not(.elementor-widget-divider--view-line_icon) .elementor-divider-separator{border-top:var(--divider-border-width) var(--divider-border-style) var(--divider-color)}.elementor-widget-divider--separator-type-pattern{--divider-border-style:none}.elementor-widget-divider--separator-type-pattern.elementor-widget-divider--view-line .elementor-divider-separator,.elementor-widget-divider--separator-type-pattern:not(.elementor-widget-divider--view-line) .elementor-divider-separator:after,.elementor-widget-divider--separator-type-pattern:not(.elementor-widget-divider--view-line) .elementor-divider-separator:before,.elementor-widget-divider--separator-type-pattern:not([class*=elementor-widget-divider--view]) .elementor-divider-separator{width:100%;min-height:var(--divider-pattern-height);-webkit-mask-size:var(--divider-pattern-size) 100%;mask-size:var(--divider-pattern-size) 100%;-webkit-mask-repeat:var(--divider-pattern-repeat);mask-repeat:var(--divider-pattern-repeat);background-color:var(--divider-color);-webkit-mask-image:var(--divider-pattern-url);mask-image:var(--divider-pattern-url)}.elementor-widget-divider--no-spacing{--divider-pattern-size:auto}.elementor-widget-divider--bg-round{--divider-pattern-repeat:round}.rtl .elementor-widget-divider .elementor-divider__text{direction:rtl}.e-con-inner>.elementor-widget-divider,.e-con>.elementor-widget-divider{width:var(--container-widget-width,100%);--flex-grow:var(--container-widget-flex-grow)}<\/style>\t\t<div class=\"elementor-divider\" style=\"--divider-pattern-url: url(&quot;data:image\/svg+xml,%3Csvg xmlns=&#039;http:\/\/www.w3.org\/2000\/svg&#039; preserveAspectRatio=&#039;none&#039; overflow=&#039;visible&#039; height=&#039;100%&#039; viewBox=&#039;0 0 24 24&#039; fill=&#039;none&#039; stroke=&#039;black&#039; stroke-width=&#039;3.2&#039; stroke-linecap=&#039;square&#039; stroke-miterlimit=&#039;10&#039;%3E%3Cpolyline points=&#039;0,18 12,6 24,18 &#039;\/%3E%3C\/svg%3E&quot;);\">\n\t\t\t<span class=\"elementor-divider-separator\">\n\t\t\t\t\t\t<\/span>\n\t\t<\/div>\n\t\t\t\t<\/div>\n\t\t\t\t<\/div>\n\t\t\t\t\t<\/div>\n\t\t<\/div>\n\t\t\t\t\t\t\t<\/div>\n\t\t<\/section>\n\t\t\t\t<section class=\"elementor-section elementor-top-section elementor-element elementor-element-70dc6ff elementor-section-boxed elementor-section-height-default elementor-section-height-default\" data-id=\"70dc6ff\" data-element_type=\"section\" data-settings=\"{&quot;background_background&quot;:&quot;classic&quot;}\">\n\t\t\t\t\t\t<div class=\"elementor-container elementor-column-gap-default\">\n\t\t\t\t\t<div class=\"elementor-column elementor-col-100 elementor-top-column elementor-element elementor-element-2116396\" data-id=\"2116396\" data-element_type=\"column\">\n\t\t\t<div class=\"elementor-widget-wrap elementor-element-populated\">\n\t\t\t\t\t\t\t\t<div class=\"elementor-element elementor-element-eca5897 elementor-widget elementor-widget-heading\" data-id=\"eca5897\" data-element_type=\"widget\" data-widget_type=\"heading.default\">\n\t\t\t\t<div class=\"elementor-widget-container\">\n\t\t\t<h2 class=\"elementor-heading-title elementor-size-xl\">Sobre a Santa Cec\u00edlia FM<\/h2>\t\t<\/div>\n\t\t\t\t<\/div>\n\t\t\t\t\t<\/div>\n\t\t<\/div>\n\t\t\t\t\t\t\t<\/div>\n\t\t<\/section>\n\t\t\t\t<section class=\"elementor-section elementor-top-section elementor-element elementor-element-5f85b22 elementor-section-boxed elementor-section-height-default elementor-section-height-default\" data-id=\"5f85b22\" data-element_type=\"section\" data-settings=\"{&quot;background_background&quot;:&quot;classic&quot;}\">\n\t\t\t\t\t\t<div class=\"elementor-container elementor-column-gap-default\">\n\t\t\t\t\t<div class=\"elementor-column elementor-col-100 elementor-top-column elementor-element elementor-element-ef60a03\" data-id=\"ef60a03\" data-element_type=\"column\">\n\t\t\t<div class=\"elementor-widget-wrap elementor-element-populated\">\n\t\t\t\t\t\t\t\t<div class=\"elementor-element elementor-element-a18dfc2 elementor-widget__width-initial elementor-widget elementor-widget-text-editor\" data-id=\"a18dfc2\" data-element_type=\"widget\" data-widget_type=\"text-editor.default\">\n\t\t\t\t<div class=\"elementor-widget-container\">\n\t\t\t\t\t\t\t<p>O ZR News \u00e9 veiculado na r\u00e1dio Santa Cec\u00edlia FM, que faz parte do Sistema Santa Cec\u00edlia de Comunica\u00e7\u00e3o, filiada \u00e0 Universidade Santa Cec\u00edlia.<\/p><p>A r\u00e1dio Santa Cec\u00edlia, que opera na frequ\u00eancia 107.7 MHz, \u00e9 a quarta mais ouvida de Santos e est\u00e1 entre as seis mais ouvidas da Baixada Santista.<\/p><p>O sinal de transmiss\u00e3o cobre as cidades de Santos, S\u00e3o Vicente, Praia Grande, Guaruj\u00e1, Cubat\u00e3o, Itanha\u00e9m, Peru\u00edbe, Bertioga e Mongagu\u00e1.<\/p>\t\t\t\t\t\t<\/div>\n\t\t\t\t<\/div>\n\t\t\t\t\t<\/div>\n\t\t<\/div>\n\t\t\t\t\t\t\t<\/div>\n\t\t<\/section>\n\t\t\t\t<section class=\"elementor-section elementor-top-section elementor-element elementor-element-cdf5415 elementor-section-boxed elementor-section-height-default elementor-section-height-default\" data-id=\"cdf5415\" data-element_type=\"section\">\n\t\t\t\t\t\t<div class=\"elementor-container elementor-column-gap-default\">\n\t\t\t\t\t<div class=\"elementor-column elementor-col-100 elementor-top-column elementor-element elementor-element-cae6af2\" data-id=\"cae6af2\" data-element_type=\"column\">\n\t\t\t<div class=\"elementor-widget-wrap elementor-element-populated\">\n\t\t\t\t\t\t\t\t<div class=\"elementor-element elementor-element-08fe603 elementor-widget elementor-widget-google_maps\" data-id=\"08fe603\" data-element_type=\"widget\" data-widget_type=\"google_maps.default\">\n\t\t\t\t<div class=\"elementor-widget-container\">\n\t\t\t<style>\/*! elementor - v3.12.1 - 02-04-2023 *\/\n.elementor-widget-google_maps .elementor-widget-container{overflow:hidden}.elementor-widget-google_maps .elementor-custom-embed{line-height:0}.elementor-widget-google_maps iframe{height:300px}<\/style>\t\t<div class=\"elementor-custom-embed\">\n\t\t\t<iframe loading=\"lazy\"\n\t\t\t\t\tsrc=\"https:\/\/maps.google.com\/maps?q=Sistema%20Santa%20Cec%C3%ADlia%20de%20Comunica%C3%A7%C3%A3o&#038;t=m&#038;z=14&#038;output=embed&#038;iwloc=near\"\n\t\t\t\t\ttitle=\"Sistema Santa Cec\u00edlia de Comunica\u00e7\u00e3o\"\n\t\t\t\t\taria-label=\"Sistema Santa Cec\u00edlia de Comunica\u00e7\u00e3o\"\n\t\t\t><\/iframe>\n\t\t<\/div>\n\t\t\t\t<\/div>\n\t\t\t\t<\/div>\n\t\t\t\t\t<\/div>\n\t\t<\/div>\n\t\t\t\t\t\t\t<\/div>\n\t\t<\/section>\n\t\t\t\t\t\t\t<\/div>\n\t\t","protected":false},"excerpt":{"rendered":"<p>Sobre o ZR News O ZR News \u00e9 um programa de radiojornalismo independente da ZRcom Assessoria. \u00c9 apresentado por Zerri Torquato e vai ao ar de segunda a sexta, das 11 horas ao meio-dia, na r\u00e1dio Santa Cec\u00edlia FM. Tem como pautas principais o coment\u00e1rio pol\u00edtico em todas as esferas governamentais e de decis\u00e3o, e&hellip;&nbsp;<a href=\"https:\/\/zrnews.net\/index.php\/sobre\/\" class=\"\" rel=\"bookmark\">Read More &raquo;<span class=\"screen-reader-text\">Sobre<\/span><\/a><\/p>\n","protected":false},"author":1,"featured_media":0,"parent":0,"menu_order":0,"comment_status":"closed","ping_status":"closed","template":"page-templates\/template-pagebuilder-full-width.php","meta":{"om_disable_all_campaigns":false,"_mi_skip_tracking":false,"neve_meta_sidebar":"","neve_meta_container":"","neve_meta_enable_content_width":"","neve_meta_content_width":0,"neve_meta_title_alignment":"","neve_meta_author_avatar":"","neve_post_elements_order":"","neve_meta_disable_header":"","neve_meta_disable_footer":"","neve_meta_disable_title":""},"yoast_head":"<!-- This site is optimized with the Yoast SEO plugin v20.5 - https:\/\/yoast.com\/wordpress\/plugins\/seo\/ -->\n<title>Sobre -<\/title>\n<meta name=\"robots\" content=\"index, follow, max-snippet:-1, max-image-preview:large, max-video-preview:-1\" \/>\n<link rel=\"canonical\" href=\"https:\/\/zrnews.net\/index.php\/sobre\/\" \/>\n<meta property=\"og:locale\" content=\"en_US\" \/>\n<meta property=\"og:type\" content=\"article\" \/>\n<meta property=\"og:title\" content=\"Sobre -\" \/>\n<meta property=\"og:description\" content=\"Sobre o ZR News O ZR News \u00e9 um programa de radiojornalismo independente da ZRcom Assessoria. \u00c9 apresentado por Zerri Torquato e vai ao ar de segunda a sexta, das 11 horas ao meio-dia, na r\u00e1dio Santa Cec\u00edlia FM. Tem como pautas principais o coment\u00e1rio pol\u00edtico em todas as esferas governamentais e de decis\u00e3o, e&hellip;&nbsp;Read More &raquo;Sobre\" \/>\n<meta property=\"og:url\" content=\"https:\/\/zrnews.net\/index.php\/sobre\/\" \/>\n<meta property=\"article:modified_time\" content=\"2023-04-03T19:02:06+00:00\" \/>\n<meta property=\"og:image\" content=\"http:\/\/zrnews.net\/wp-content\/uploads\/2023\/03\/Zerri-Torquato-768x509.jpeg\" \/>\n<meta name=\"twitter:card\" content=\"summary_large_image\" \/>\n<meta name=\"twitter:label1\" content=\"Est. reading time\" \/>\n\t<meta name=\"twitter:data1\" content=\"2 minutes\" \/>\n<script type=\"application\/ld+json\" class=\"yoast-schema-graph\">{\"@context\":\"https:\/\/schema.org\",\"@graph\":[{\"@type\":\"WebPage\",\"@id\":\"https:\/\/zrnews.net\/index.php\/sobre\/\",\"url\":\"https:\/\/zrnews.net\/index.php\/sobre\/\",\"name\":\"Sobre -\",\"isPartOf\":{\"@id\":\"https:\/\/zrnews.net\/#website\"},\"datePublished\":\"2023-03-16T19:12:27+00:00\",\"dateModified\":\"2023-04-03T19:02:06+00:00\",\"breadcrumb\":{\"@id\":\"https:\/\/zrnews.net\/index.php\/sobre\/#breadcrumb\"},\"inLanguage\":\"en-US\",\"potentialAction\":[{\"@type\":\"ReadAction\",\"target\":[\"https:\/\/zrnews.net\/index.php\/sobre\/\"]}]},{\"@type\":\"BreadcrumbList\",\"@id\":\"https:\/\/zrnews.net\/index.php\/sobre\/#breadcrumb\",\"itemListElement\":[{\"@type\":\"ListItem\",\"position\":1,\"name\":\"In\u00edcio\",\"item\":\"https:\/\/zrnews.net\/\"},{\"@type\":\"ListItem\",\"position\":2,\"name\":\"Sobre\"}]},{\"@type\":\"WebSite\",\"@id\":\"https:\/\/zrnews.net\/#website\",\"url\":\"https:\/\/zrnews.net\/\",\"name\":\"\",\"description\":\"\",\"potentialAction\":[{\"@type\":\"SearchAction\",\"target\":{\"@type\":\"EntryPoint\",\"urlTemplate\":\"https:\/\/zrnews.net\/?s={search_term_string}\"},\"query-input\":\"required name=search_term_string\"}],\"inLanguage\":\"en-US\"}]}<\/script>\n<!-- \/ Yoast SEO plugin. -->","yoast_head_json":{"title":"Sobre -","robots":{"index":"index","follow":"follow","max-snippet":"max-snippet:-1","max-image-preview":"max-image-preview:large","max-video-preview":"max-video-preview:-1"},"canonical":"https:\/\/zrnews.net\/index.php\/sobre\/","og_locale":"en_US","og_type":"article","og_title":"Sobre -","og_description":"Sobre o ZR News O ZR News \u00e9 um programa de radiojornalismo independente da ZRcom Assessoria. \u00c9 apresentado por Zerri Torquato e vai ao ar de segunda a sexta, das 11 horas ao meio-dia, na r\u00e1dio Santa Cec\u00edlia FM. Tem como pautas principais o coment\u00e1rio pol\u00edtico em todas as esferas governamentais e de decis\u00e3o, e&hellip;&nbsp;Read More &raquo;Sobre","og_url":"https:\/\/zrnews.net\/index.php\/sobre\/","article_modified_time":"2023-04-03T19:02:06+00:00","og_image":[{"url":"http:\/\/zrnews.net\/wp-content\/uploads\/2023\/03\/Zerri-Torquato-768x509.jpeg"}],"twitter_card":"summary_large_image","twitter_misc":{"Est. reading time":"2 minutes"},"schema":{"@context":"https:\/\/schema.org","@graph":[{"@type":"WebPage","@id":"https:\/\/zrnews.net\/index.php\/sobre\/","url":"https:\/\/zrnews.net\/index.php\/sobre\/","name":"Sobre -","isPartOf":{"@id":"https:\/\/zrnews.net\/#website"},"datePublished":"2023-03-16T19:12:27+00:00","dateModified":"2023-04-03T19:02:06+00:00","breadcrumb":{"@id":"https:\/\/zrnews.net\/index.php\/sobre\/#breadcrumb"},"inLanguage":"en-US","potentialAction":[{"@type":"ReadAction","target":["https:\/\/zrnews.net\/index.php\/sobre\/"]}]},{"@type":"BreadcrumbList","@id":"https:\/\/zrnews.net\/index.php\/sobre\/#breadcrumb","itemListElement":[{"@type":"ListItem","position":1,"name":"In\u00edcio","item":"https:\/\/zrnews.net\/"},{"@type":"ListItem","position":2,"name":"Sobre"}]},{"@type":"WebSite","@id":"https:\/\/zrnews.net\/#website","url":"https:\/\/zrnews.net\/","name":"","description":"","potentialAction":[{"@type":"SearchAction","target":{"@type":"EntryPoint","urlTemplate":"https:\/\/zrnews.net\/?s={search_term_string}"},"query-input":"required name=search_term_string"}],"inLanguage":"en-US"}]}},"_links":{"self":[{"href":"https:\/\/zrnews.net\/index.php\/wp-json\/wp\/v2\/pages\/43"}],"collection":[{"href":"https:\/\/zrnews.net\/index.php\/wp-json\/wp\/v2\/pages"}],"about":[{"href":"https:\/\/zrnews.net\/index.php\/wp-json\/wp\/v2\/types\/page"}],"author":[{"embeddable":true,"href":"https:\/\/zrnews.net\/index.php\/wp-json\/wp\/v2\/users\/1"}],"replies":[{"embeddable":true,"href":"https:\/\/zrnews.net\/index.php\/wp-json\/wp\/v2\/comments?post=43"}],"version-history":[{"count":10,"href":"https:\/\/zrnews.net\/index.php\/wp-json\/wp\/v2\/pages\/43\/revisions"}],"predecessor-version":[{"id":320,"href":"https:\/\/zrnews.net\/index.php\/wp-json\/wp\/v2\/pages\/43\/revisions\/320"}],"wp:attachment":[{"href":"https:\/\/zrnews.net\/index.php\/wp-json\/wp\/v2\/media?parent=43"}],"curies":[{"name":"wp","href":"https:\/\/api.w.org\/{rel}","templated":true}]}}