{"id":266,"date":"2023-04-11T16:08:13","date_gmt":"2023-04-11T19:08:13","guid":{"rendered":"https:\/\/zrnews.net\/?page_id=266"},"modified":"2023-04-11T16:13:24","modified_gmt":"2023-04-11T19:13:24","slug":"santos-export","status":"publish","type":"page","link":"https:\/\/zrnews.net\/index.php\/santos-export\/","title":{"rendered":"Santos Export"},"content":{"rendered":"\t\t<div data-elementor-type=\"wp-page\" data-elementor-id=\"266\" class=\"elementor elementor-266\">\n\t\t\t\t\t\t\t\t\t<section class=\"elementor-section elementor-top-section elementor-element elementor-element-12f3c91 elementor-section-boxed elementor-section-height-default elementor-section-height-default\" data-id=\"12f3c91\" data-element_type=\"section\">\n\t\t\t\t\t\t<div class=\"elementor-container elementor-column-gap-default\">\n\t\t\t\t\t<div class=\"elementor-column elementor-col-100 elementor-top-column elementor-element elementor-element-eea7eda\" data-id=\"eea7eda\" data-element_type=\"column\">\n\t\t\t<div class=\"elementor-widget-wrap elementor-element-populated\">\n\t\t\t\t\t\t\t\t<div class=\"elementor-element elementor-element-c8aa880 elementor-widget elementor-widget-image\" data-id=\"c8aa880\" data-element_type=\"widget\" data-widget_type=\"image.default\">\n\t\t\t\t<div class=\"elementor-widget-container\">\n\t\t\t<style>\/*! elementor - v3.12.1 - 02-04-2023 *\/\n.elementor-widget-image{text-align:center}.elementor-widget-image a{display:inline-block}.elementor-widget-image a img[src$=\".svg\"]{width:48px}.elementor-widget-image img{vertical-align:middle;display:inline-block}<\/style>\t\t\t\t\t\t\t\t\t\t\t\t<img decoding=\"async\" width=\"1024\" height=\"683\" src=\"https:\/\/zrnews.net\/wp-content\/uploads\/2023\/04\/Santos-Export-1024x683.jpg\" class=\"attachment-large size-large wp-image-339\" alt=\"\" loading=\"lazy\" srcset=\"https:\/\/zrnews.net\/wp-content\/uploads\/2023\/04\/Santos-Export-1024x683.jpg 1024w, https:\/\/zrnews.net\/wp-content\/uploads\/2023\/04\/Santos-Export-300x200.jpg 300w, https:\/\/zrnews.net\/wp-content\/uploads\/2023\/04\/Santos-Export-768x512.jpg 768w, https:\/\/zrnews.net\/wp-content\/uploads\/2023\/04\/Santos-Export-1536x1024.jpg 1536w, https:\/\/zrnews.net\/wp-content\/uploads\/2023\/04\/Santos-Export-2048x1365.jpg 2048w, https:\/\/zrnews.net\/wp-content\/uploads\/2023\/04\/Santos-Export-930x620.jpg 930w\" sizes=\"(max-width: 1024px) 100vw, 1024px\" \/>\t\t\t\t\t\t\t\t\t\t\t\t\t\t\t<\/div>\n\t\t\t\t<\/div>\n\t\t\t\t\t<\/div>\n\t\t<\/div>\n\t\t\t\t\t\t\t<\/div>\n\t\t<\/section>\n\t\t\t\t<section class=\"elementor-section elementor-top-section elementor-element elementor-element-4dd9afe elementor-section-boxed elementor-section-height-default elementor-section-height-default\" data-id=\"4dd9afe\" data-element_type=\"section\">\n\t\t\t\t\t\t<div class=\"elementor-container elementor-column-gap-default\">\n\t\t\t\t\t<div class=\"elementor-column elementor-col-100 elementor-top-column elementor-element elementor-element-ec19762\" data-id=\"ec19762\" data-element_type=\"column\">\n\t\t\t<div class=\"elementor-widget-wrap elementor-element-populated\">\n\t\t\t\t\t\t\t\t<div class=\"elementor-element elementor-element-ea08125 elementor-widget elementor-widget-text-editor\" data-id=\"ea08125\" data-element_type=\"widget\" data-widget_type=\"text-editor.default\">\n\t\t\t\t<div class=\"elementor-widget-container\">\n\t\t\t<style>\/*! elementor - v3.12.1 - 02-04-2023 *\/\n.elementor-widget-text-editor.elementor-drop-cap-view-stacked .elementor-drop-cap{background-color:#69727d;color:#fff}.elementor-widget-text-editor.elementor-drop-cap-view-framed .elementor-drop-cap{color:#69727d;border:3px solid;background-color:transparent}.elementor-widget-text-editor:not(.elementor-drop-cap-view-default) .elementor-drop-cap{margin-top:8px}.elementor-widget-text-editor:not(.elementor-drop-cap-view-default) .elementor-drop-cap-letter{width:1em;height:1em}.elementor-widget-text-editor .elementor-drop-cap{float:left;text-align:center;line-height:1;font-size:50px}.elementor-widget-text-editor .elementor-drop-cap-letter{display:inline-block}<\/style>\t\t\t\t<p>O quadro Santos Export vai ao ar no ZR News toda quinta-feira para debater as necessidades e demandas log\u00edsticas na regi\u00e3o da Baixada Santista.<\/p><p>Dedicado ao F\u00f3rum Regional de Log\u00edstica, Infraestrutura e Transportes, recebemos os maiores nomes do segmento, como pol\u00edticos, executivos e l\u00edderes setoriais, para entrevistas e debates sobre pol\u00edticas e demandas da \u00e1rea de infraestrutura e transportes, que contribuem para a produtividade no mercado interno e externo, principalmente relacionado ao Porto de Santos, maior da Am\u00e9rica Latina.<\/p><p>O Santos Export faz parte do calend\u00e1rio de f\u00f3runs do Brasil Export, que debate o mesmo tema em \u00e2mbito nacional.<\/p>\t\t\t\t\t\t<\/div>\n\t\t\t\t<\/div>\n\t\t\t\t\t<\/div>\n\t\t<\/div>\n\t\t\t\t\t\t\t<\/div>\n\t\t<\/section>\n\t\t\t\t\t\t\t<\/div>\n\t\t","protected":false},"excerpt":{"rendered":"<p>O quadro Santos Export vai ao ar no ZR News toda quinta-feira para debater as necessidades e demandas log\u00edsticas na regi\u00e3o da Baixada Santista. Dedicado ao F\u00f3rum Regional de Log\u00edstica, Infraestrutura e Transportes, recebemos os maiores nomes do segmento, como pol\u00edticos, executivos e l\u00edderes setoriais, para entrevistas e debates sobre pol\u00edticas e demandas da \u00e1rea&hellip;&nbsp;<a href=\"https:\/\/zrnews.net\/index.php\/santos-export\/\" class=\"\" rel=\"bookmark\">Read More &raquo;<span class=\"screen-reader-text\">Santos Export<\/span><\/a><\/p>\n","protected":false},"author":1,"featured_media":0,"parent":0,"menu_order":0,"comment_status":"closed","ping_status":"closed","template":"page-templates\/template-pagebuilder-full-width.php","meta":{"om_disable_all_campaigns":false,"_mi_skip_tracking":false,"neve_meta_sidebar":"","neve_meta_container":"","neve_meta_enable_content_width":"","neve_meta_content_width":0,"neve_meta_title_alignment":"","neve_meta_author_avatar":"","neve_post_elements_order":"","neve_meta_disable_header":"","neve_meta_disable_footer":"","neve_meta_disable_title":""},"yoast_head":"<!-- This site is optimized with the Yoast SEO plugin v20.5 - https:\/\/yoast.com\/wordpress\/plugins\/seo\/ -->\n<title>Santos Export -<\/title>\n<meta name=\"robots\" content=\"index, follow, max-snippet:-1, max-image-preview:large, max-video-preview:-1\" \/>\n<link rel=\"canonical\" href=\"https:\/\/zrnews.net\/index.php\/santos-export\/\" \/>\n<meta property=\"og:locale\" content=\"en_US\" \/>\n<meta property=\"og:type\" content=\"article\" \/>\n<meta property=\"og:title\" content=\"Santos Export -\" \/>\n<meta property=\"og:description\" content=\"O quadro Santos Export vai ao ar no ZR News toda quinta-feira para debater as necessidades e demandas log\u00edsticas na regi\u00e3o da Baixada Santista. Dedicado ao F\u00f3rum Regional de Log\u00edstica, Infraestrutura e Transportes, recebemos os maiores nomes do segmento, como pol\u00edticos, executivos e l\u00edderes setoriais, para entrevistas e debates sobre pol\u00edticas e demandas da \u00e1rea&hellip;&nbsp;Read More &raquo;Santos Export\" \/>\n<meta property=\"og:url\" content=\"https:\/\/zrnews.net\/index.php\/santos-export\/\" \/>\n<meta property=\"article:modified_time\" content=\"2023-04-11T19:13:24+00:00\" \/>\n<meta property=\"og:image\" content=\"http:\/\/zrnews.net\/wp-content\/uploads\/2023\/04\/Santos-Export-1024x683.jpg\" \/>\n<meta name=\"twitter:card\" content=\"summary_large_image\" \/>\n<meta name=\"twitter:label1\" content=\"Est. reading time\" \/>\n\t<meta name=\"twitter:data1\" content=\"1 minute\" \/>\n<script type=\"application\/ld+json\" class=\"yoast-schema-graph\">{\"@context\":\"https:\/\/schema.org\",\"@graph\":[{\"@type\":\"WebPage\",\"@id\":\"https:\/\/zrnews.net\/index.php\/santos-export\/\",\"url\":\"https:\/\/zrnews.net\/index.php\/santos-export\/\",\"name\":\"Santos Export -\",\"isPartOf\":{\"@id\":\"https:\/\/zrnews.net\/#website\"},\"datePublished\":\"2023-04-11T19:08:13+00:00\",\"dateModified\":\"2023-04-11T19:13:24+00:00\",\"breadcrumb\":{\"@id\":\"https:\/\/zrnews.net\/index.php\/santos-export\/#breadcrumb\"},\"inLanguage\":\"en-US\",\"potentialAction\":[{\"@type\":\"ReadAction\",\"target\":[\"https:\/\/zrnews.net\/index.php\/santos-export\/\"]}]},{\"@type\":\"BreadcrumbList\",\"@id\":\"https:\/\/zrnews.net\/index.php\/santos-export\/#breadcrumb\",\"itemListElement\":[{\"@type\":\"ListItem\",\"position\":1,\"name\":\"In\u00edcio\",\"item\":\"https:\/\/zrnews.net\/\"},{\"@type\":\"ListItem\",\"position\":2,\"name\":\"Santos Export\"}]},{\"@type\":\"WebSite\",\"@id\":\"https:\/\/zrnews.net\/#website\",\"url\":\"https:\/\/zrnews.net\/\",\"name\":\"\",\"description\":\"\",\"potentialAction\":[{\"@type\":\"SearchAction\",\"target\":{\"@type\":\"EntryPoint\",\"urlTemplate\":\"https:\/\/zrnews.net\/?s={search_term_string}\"},\"query-input\":\"required name=search_term_string\"}],\"inLanguage\":\"en-US\"}]}<\/script>\n<!-- \/ Yoast SEO plugin. -->","yoast_head_json":{"title":"Santos Export -","robots":{"index":"index","follow":"follow","max-snippet":"max-snippet:-1","max-image-preview":"max-image-preview:large","max-video-preview":"max-video-preview:-1"},"canonical":"https:\/\/zrnews.net\/index.php\/santos-export\/","og_locale":"en_US","og_type":"article","og_title":"Santos Export -","og_description":"O quadro Santos Export vai ao ar no ZR News toda quinta-feira para debater as necessidades e demandas log\u00edsticas na regi\u00e3o da Baixada Santista. Dedicado ao F\u00f3rum Regional de Log\u00edstica, Infraestrutura e Transportes, recebemos os maiores nomes do segmento, como pol\u00edticos, executivos e l\u00edderes setoriais, para entrevistas e debates sobre pol\u00edticas e demandas da \u00e1rea&hellip;&nbsp;Read More &raquo;Santos Export","og_url":"https:\/\/zrnews.net\/index.php\/santos-export\/","article_modified_time":"2023-04-11T19:13:24+00:00","og_image":[{"url":"http:\/\/zrnews.net\/wp-content\/uploads\/2023\/04\/Santos-Export-1024x683.jpg"}],"twitter_card":"summary_large_image","twitter_misc":{"Est. reading time":"1 minute"},"schema":{"@context":"https:\/\/schema.org","@graph":[{"@type":"WebPage","@id":"https:\/\/zrnews.net\/index.php\/santos-export\/","url":"https:\/\/zrnews.net\/index.php\/santos-export\/","name":"Santos Export -","isPartOf":{"@id":"https:\/\/zrnews.net\/#website"},"datePublished":"2023-04-11T19:08:13+00:00","dateModified":"2023-04-11T19:13:24+00:00","breadcrumb":{"@id":"https:\/\/zrnews.net\/index.php\/santos-export\/#breadcrumb"},"inLanguage":"en-US","potentialAction":[{"@type":"ReadAction","target":["https:\/\/zrnews.net\/index.php\/santos-export\/"]}]},{"@type":"BreadcrumbList","@id":"https:\/\/zrnews.net\/index.php\/santos-export\/#breadcrumb","itemListElement":[{"@type":"ListItem","position":1,"name":"In\u00edcio","item":"https:\/\/zrnews.net\/"},{"@type":"ListItem","position":2,"name":"Santos Export"}]},{"@type":"WebSite","@id":"https:\/\/zrnews.net\/#website","url":"https:\/\/zrnews.net\/","name":"","description":"","potentialAction":[{"@type":"SearchAction","target":{"@type":"EntryPoint","urlTemplate":"https:\/\/zrnews.net\/?s={search_term_string}"},"query-input":"required name=search_term_string"}],"inLanguage":"en-US"}]}},"_links":{"self":[{"href":"https:\/\/zrnews.net\/index.php\/wp-json\/wp\/v2\/pages\/266"}],"collection":[{"href":"https:\/\/zrnews.net\/index.php\/wp-json\/wp\/v2\/pages"}],"about":[{"href":"https:\/\/zrnews.net\/index.php\/wp-json\/wp\/v2\/types\/page"}],"author":[{"embeddable":true,"href":"https:\/\/zrnews.net\/index.php\/wp-json\/wp\/v2\/users\/1"}],"replies":[{"embeddable":true,"href":"https:\/\/zrnews.net\/index.php\/wp-json\/wp\/v2\/comments?post=266"}],"version-history":[{"count":4,"href":"https:\/\/zrnews.net\/index.php\/wp-json\/wp\/v2\/pages\/266\/revisions"}],"predecessor-version":[{"id":343,"href":"https:\/\/zrnews.net\/index.php\/wp-json\/wp\/v2\/pages\/266\/revisions\/343"}],"wp:attachment":[{"href":"https:\/\/zrnews.net\/index.php\/wp-json\/wp\/v2\/media?parent=266"}],"curies":[{"name":"wp","href":"https:\/\/api.w.org\/{rel}","templated":true}]}}