{"id":263,"date":"2023-04-10T15:37:11","date_gmt":"2023-04-10T18:37:11","guid":{"rendered":"https:\/\/zrnews.net\/?page_id=263"},"modified":"2024-07-04T19:24:35","modified_gmt":"2024-07-04T22:24:35","slug":"porto-news","status":"publish","type":"page","link":"https:\/\/zrnews.net\/index.php\/porto-news\/","title":{"rendered":"Porto News"},"content":{"rendered":"\t\t<div data-elementor-type=\"wp-page\" data-elementor-id=\"263\" class=\"elementor elementor-263\">\n\t\t\t\t\t\t\t\t\t<section class=\"elementor-section elementor-top-section elementor-element elementor-element-2f6262b elementor-section-full_width elementor-section-stretched elementor-section-height-default elementor-section-height-default\" data-id=\"2f6262b\" data-element_type=\"section\" data-settings=\"{&quot;stretch_section&quot;:&quot;section-stretched&quot;,&quot;background_background&quot;:&quot;classic&quot;}\">\n\t\t\t\t\t\t<div class=\"elementor-container elementor-column-gap-extended\">\n\t\t\t\t\t<div class=\"elementor-column elementor-col-100 elementor-top-column elementor-element elementor-element-882df2f\" data-id=\"882df2f\" data-element_type=\"column\">\n\t\t\t<div class=\"elementor-widget-wrap elementor-element-populated\">\n\t\t\t\t\t\t\t\t<div class=\"elementor-element elementor-element-867beb5 elementor-widget elementor-widget-image\" data-id=\"867beb5\" data-element_type=\"widget\" data-widget_type=\"image.default\">\n\t\t\t\t<div class=\"elementor-widget-container\">\n\t\t\t<style>\/*! elementor - v3.12.1 - 02-04-2023 *\/\n.elementor-widget-image{text-align:center}.elementor-widget-image a{display:inline-block}.elementor-widget-image a img[src$=\".svg\"]{width:48px}.elementor-widget-image img{vertical-align:middle;display:inline-block}<\/style>\t\t\t\t\t\t\t\t\t\t\t\t<img decoding=\"async\" width=\"1024\" height=\"636\" src=\"https:\/\/zrnews.net\/wp-content\/uploads\/2023\/04\/Porto-de-Santos-Porto-News-1024x636.png\" class=\"attachment-large size-large wp-image-321\" alt=\"\" loading=\"lazy\" srcset=\"https:\/\/zrnews.net\/wp-content\/uploads\/2023\/04\/Porto-de-Santos-Porto-News-1024x636.png 1024w, https:\/\/zrnews.net\/wp-content\/uploads\/2023\/04\/Porto-de-Santos-Porto-News-300x186.png 300w, https:\/\/zrnews.net\/wp-content\/uploads\/2023\/04\/Porto-de-Santos-Porto-News-768x477.png 768w, https:\/\/zrnews.net\/wp-content\/uploads\/2023\/04\/Porto-de-Santos-Porto-News-1536x954.png 1536w, https:\/\/zrnews.net\/wp-content\/uploads\/2023\/04\/Porto-de-Santos-Porto-News-2048x1272.png 2048w\" sizes=\"(max-width: 1024px) 100vw, 1024px\" \/>\t\t\t\t\t\t\t\t\t\t\t\t\t\t\t<\/div>\n\t\t\t\t<\/div>\n\t\t\t\t\t<\/div>\n\t\t<\/div>\n\t\t\t\t\t\t\t<\/div>\n\t\t<\/section>\n\t\t\t\t<section class=\"elementor-section elementor-top-section elementor-element elementor-element-38064e0 elementor-section-content-middle elementor-section-boxed elementor-section-height-default elementor-section-height-default\" data-id=\"38064e0\" data-element_type=\"section\">\n\t\t\t\t\t\t<div class=\"elementor-container elementor-column-gap-default\">\n\t\t\t\t\t<div class=\"elementor-column elementor-col-100 elementor-top-column elementor-element elementor-element-6b28c4a\" data-id=\"6b28c4a\" data-element_type=\"column\">\n\t\t\t<div class=\"elementor-widget-wrap elementor-element-populated\">\n\t\t\t\t\t\t\t\t<div class=\"elementor-element elementor-element-54f145f elementor-widget__width-initial elementor-widget elementor-widget-text-editor\" data-id=\"54f145f\" data-element_type=\"widget\" data-widget_type=\"text-editor.default\">\n\t\t\t\t<div class=\"elementor-widget-container\">\n\t\t\t<style>\/*! elementor - v3.12.1 - 02-04-2023 *\/\n.elementor-widget-text-editor.elementor-drop-cap-view-stacked .elementor-drop-cap{background-color:#69727d;color:#fff}.elementor-widget-text-editor.elementor-drop-cap-view-framed .elementor-drop-cap{color:#69727d;border:3px solid;background-color:transparent}.elementor-widget-text-editor:not(.elementor-drop-cap-view-default) .elementor-drop-cap{margin-top:8px}.elementor-widget-text-editor:not(.elementor-drop-cap-view-default) .elementor-drop-cap-letter{width:1em;height:1em}.elementor-widget-text-editor .elementor-drop-cap{float:left;text-align:center;line-height:1;font-size:50px}.elementor-widget-text-editor .elementor-drop-cap-letter{display:inline-block}<\/style>\t\t\t\t<p>O Porto News \u00e9 o quadro do Programa ZR News direcionado ao segmento portu\u00e1rio que vai ao ar todas as quintas-feiras.<\/p><p>As entrevistas do quadro abordam a import\u00e2ncia do Porto de Santos para a economia da cidade, da regi\u00e3o e do pa\u00eds, sempre trazendo especialistas e convidados especiais, com foco principal na gera\u00e7\u00e3o de neg\u00f3cios, na log\u00edstica, com\u00e9rcio exterior, entre outros temas setoriais, al\u00e9m da rela\u00e7\u00e3o porto e cidade.<\/p><p>Al\u00e9m da Santa Cec\u00edlia FM, ele \u00e9 veiculado na internet via site, redes sociais e YouTube semanalmente.<\/p>\t\t\t\t\t\t<\/div>\n\t\t\t\t<\/div>\n\t\t\t\t\t<\/div>\n\t\t<\/div>\n\t\t\t\t\t\t\t<\/div>\n\t\t<\/section>\n\t\t\t\t<section class=\"elementor-section elementor-top-section elementor-element elementor-element-357cbd5 elementor-section-boxed elementor-section-height-default elementor-section-height-default\" data-id=\"357cbd5\" data-element_type=\"section\">\n\t\t\t\t\t\t<div class=\"elementor-container elementor-column-gap-default\">\n\t\t\t\t\t<div class=\"elementor-column elementor-col-100 elementor-top-column elementor-element elementor-element-26ad48c\" data-id=\"26ad48c\" data-element_type=\"column\">\n\t\t\t<div class=\"elementor-widget-wrap elementor-element-populated\">\n\t\t\t\t\t\t\t\t<div class=\"elementor-element elementor-element-2053ad5 elementor-widget-divider--separator-type-pattern elementor-widget-divider--view-line elementor-widget elementor-widget-divider\" data-id=\"2053ad5\" data-element_type=\"widget\" data-widget_type=\"divider.default\">\n\t\t\t\t<div class=\"elementor-widget-container\">\n\t\t\t<style>\/*! elementor - v3.12.1 - 02-04-2023 *\/\n.elementor-widget-divider{--divider-border-style:none;--divider-border-width:1px;--divider-color:#0c0d0e;--divider-icon-size:20px;--divider-element-spacing:10px;--divider-pattern-height:24px;--divider-pattern-size:20px;--divider-pattern-url:none;--divider-pattern-repeat:repeat-x}.elementor-widget-divider .elementor-divider{display:flex}.elementor-widget-divider .elementor-divider__text{font-size:15px;line-height:1;max-width:95%}.elementor-widget-divider .elementor-divider__element{margin:0 var(--divider-element-spacing);flex-shrink:0}.elementor-widget-divider .elementor-icon{font-size:var(--divider-icon-size)}.elementor-widget-divider .elementor-divider-separator{display:flex;margin:0;direction:ltr}.elementor-widget-divider--view-line_icon .elementor-divider-separator,.elementor-widget-divider--view-line_text .elementor-divider-separator{align-items:center}.elementor-widget-divider--view-line_icon .elementor-divider-separator:after,.elementor-widget-divider--view-line_icon .elementor-divider-separator:before,.elementor-widget-divider--view-line_text .elementor-divider-separator:after,.elementor-widget-divider--view-line_text .elementor-divider-separator:before{display:block;content:\"\";border-bottom:0;flex-grow:1;border-top:var(--divider-border-width) var(--divider-border-style) var(--divider-color)}.elementor-widget-divider--element-align-left .elementor-divider .elementor-divider-separator>.elementor-divider__svg:first-of-type{flex-grow:0;flex-shrink:100}.elementor-widget-divider--element-align-left .elementor-divider-separator:before{content:none}.elementor-widget-divider--element-align-left .elementor-divider__element{margin-left:0}.elementor-widget-divider--element-align-right .elementor-divider .elementor-divider-separator>.elementor-divider__svg:last-of-type{flex-grow:0;flex-shrink:100}.elementor-widget-divider--element-align-right .elementor-divider-separator:after{content:none}.elementor-widget-divider--element-align-right .elementor-divider__element{margin-right:0}.elementor-widget-divider:not(.elementor-widget-divider--view-line_text):not(.elementor-widget-divider--view-line_icon) .elementor-divider-separator{border-top:var(--divider-border-width) var(--divider-border-style) var(--divider-color)}.elementor-widget-divider--separator-type-pattern{--divider-border-style:none}.elementor-widget-divider--separator-type-pattern.elementor-widget-divider--view-line .elementor-divider-separator,.elementor-widget-divider--separator-type-pattern:not(.elementor-widget-divider--view-line) .elementor-divider-separator:after,.elementor-widget-divider--separator-type-pattern:not(.elementor-widget-divider--view-line) .elementor-divider-separator:before,.elementor-widget-divider--separator-type-pattern:not([class*=elementor-widget-divider--view]) .elementor-divider-separator{width:100%;min-height:var(--divider-pattern-height);-webkit-mask-size:var(--divider-pattern-size) 100%;mask-size:var(--divider-pattern-size) 100%;-webkit-mask-repeat:var(--divider-pattern-repeat);mask-repeat:var(--divider-pattern-repeat);background-color:var(--divider-color);-webkit-mask-image:var(--divider-pattern-url);mask-image:var(--divider-pattern-url)}.elementor-widget-divider--no-spacing{--divider-pattern-size:auto}.elementor-widget-divider--bg-round{--divider-pattern-repeat:round}.rtl .elementor-widget-divider .elementor-divider__text{direction:rtl}.e-con-inner>.elementor-widget-divider,.e-con>.elementor-widget-divider{width:var(--container-widget-width,100%);--flex-grow:var(--container-widget-flex-grow)}<\/style>\t\t<div class=\"elementor-divider\" style=\"--divider-pattern-url: url(&quot;data:image\/svg+xml,%3Csvg xmlns=&#039;http:\/\/www.w3.org\/2000\/svg&#039; preserveAspectRatio=&#039;none&#039; overflow=&#039;visible&#039; height=&#039;100%&#039; viewBox=&#039;0 0 24 24&#039; fill=&#039;none&#039; stroke=&#039;black&#039; stroke-width=&#039;3.4&#039; stroke-linecap=&#039;square&#039; stroke-miterlimit=&#039;10&#039;%3E%3Cpath d=&#039;M0,6c6,0,6,13,12,13S18,6,24,6&#039;\/%3E%3C\/svg%3E&quot;);\">\n\t\t\t<span class=\"elementor-divider-separator\">\n\t\t\t\t\t\t<\/span>\n\t\t<\/div>\n\t\t\t\t<\/div>\n\t\t\t\t<\/div>\n\t\t\t\t\t<\/div>\n\t\t<\/div>\n\t\t\t\t\t\t\t<\/div>\n\t\t<\/section>\n\t\t\t\t<section class=\"elementor-section elementor-top-section elementor-element elementor-element-56718d0 elementor-section-boxed elementor-section-height-default elementor-section-height-default\" data-id=\"56718d0\" data-element_type=\"section\">\n\t\t\t\t\t\t<div class=\"elementor-container elementor-column-gap-default\">\n\t\t\t\t\t<div class=\"elementor-column elementor-col-100 elementor-top-column elementor-element elementor-element-b590302\" data-id=\"b590302\" data-element_type=\"column\">\n\t\t\t<div class=\"elementor-widget-wrap elementor-element-populated\">\n\t\t\t\t\t\t\t\t<div class=\"elementor-element elementor-element-f5aae61 elementor-widget elementor-widget-heading\" data-id=\"f5aae61\" data-element_type=\"widget\" data-widget_type=\"heading.default\">\n\t\t\t\t<div class=\"elementor-widget-container\">\n\t\t\t<style>\/*! elementor - v3.12.1 - 02-04-2023 *\/\n.elementor-heading-title{padding:0;margin:0;line-height:1}.elementor-widget-heading .elementor-heading-title[class*=elementor-size-]>a{color:inherit;font-size:inherit;line-height:inherit}.elementor-widget-heading .elementor-heading-title.elementor-size-small{font-size:15px}.elementor-widget-heading .elementor-heading-title.elementor-size-medium{font-size:19px}.elementor-widget-heading .elementor-heading-title.elementor-size-large{font-size:29px}.elementor-widget-heading .elementor-heading-title.elementor-size-xl{font-size:39px}.elementor-widget-heading .elementor-heading-title.elementor-size-xxl{font-size:59px}<\/style><h3 class=\"elementor-heading-title elementor-size-xl\">Comentaristas<\/h3>\t\t<\/div>\n\t\t\t\t<\/div>\n\t\t\t\t\t<\/div>\n\t\t<\/div>\n\t\t\t\t\t\t\t<\/div>\n\t\t<\/section>\n\t\t\t\t<section class=\"elementor-section elementor-top-section elementor-element elementor-element-9089ad4 elementor-section-boxed elementor-section-height-default elementor-section-height-default\" data-id=\"9089ad4\" data-element_type=\"section\">\n\t\t\t\t\t\t<div class=\"elementor-container elementor-column-gap-default\">\n\t\t\t\t\t<div class=\"elementor-column elementor-col-33 elementor-top-column elementor-element elementor-element-303951e\" data-id=\"303951e\" data-element_type=\"column\">\n\t\t\t<div class=\"elementor-widget-wrap elementor-element-populated\">\n\t\t\t\t\t\t\t\t<div class=\"elementor-element elementor-element-4bb4f7a elementor-widget elementor-widget-image\" data-id=\"4bb4f7a\" data-element_type=\"widget\" data-widget_type=\"image.default\">\n\t\t\t\t<div class=\"elementor-widget-container\">\n\t\t\t\t\t\t\t\t\t\t\t\t\t\t\t<img decoding=\"async\" width=\"231\" height=\"216\" src=\"https:\/\/zrnews.net\/wp-content\/uploads\/2023\/04\/Marcelo-Sammarco-e1681151006272.jpg\" class=\"attachment-large size-large wp-image-323\" alt=\"\" loading=\"lazy\" \/>\t\t\t\t\t\t\t\t\t\t\t\t\t\t\t<\/div>\n\t\t\t\t<\/div>\n\t\t\t\t\t<\/div>\n\t\t<\/div>\n\t\t\t\t<div class=\"elementor-column elementor-col-33 elementor-top-column elementor-element elementor-element-0440d06\" data-id=\"0440d06\" data-element_type=\"column\">\n\t\t\t<div class=\"elementor-widget-wrap elementor-element-populated\">\n\t\t\t\t\t\t\t\t<div class=\"elementor-element elementor-element-32a2306 elementor-widget elementor-widget-image\" data-id=\"32a2306\" data-element_type=\"widget\" data-widget_type=\"image.default\">\n\t\t\t\t<div class=\"elementor-widget-container\">\n\t\t\t\t\t\t\t\t\t\t\t\t\t\t\t<img decoding=\"async\" width=\"992\" height=\"1024\" src=\"https:\/\/zrnews.net\/wp-content\/uploads\/2023\/04\/Maria-Cristina-Gontijo-Advogada-Professora-e-Membro-da-Comissao-de-Direito-Maritimo-OAB-Santos-992x1024.jpeg\" class=\"attachment-large size-large wp-image-324\" alt=\"\" loading=\"lazy\" srcset=\"https:\/\/zrnews.net\/wp-content\/uploads\/2023\/04\/Maria-Cristina-Gontijo-Advogada-Professora-e-Membro-da-Comissao-de-Direito-Maritimo-OAB-Santos-992x1024.jpeg 992w, https:\/\/zrnews.net\/wp-content\/uploads\/2023\/04\/Maria-Cristina-Gontijo-Advogada-Professora-e-Membro-da-Comissao-de-Direito-Maritimo-OAB-Santos-291x300.jpeg 291w, https:\/\/zrnews.net\/wp-content\/uploads\/2023\/04\/Maria-Cristina-Gontijo-Advogada-Professora-e-Membro-da-Comissao-de-Direito-Maritimo-OAB-Santos-768x793.jpeg 768w, https:\/\/zrnews.net\/wp-content\/uploads\/2023\/04\/Maria-Cristina-Gontijo-Advogada-Professora-e-Membro-da-Comissao-de-Direito-Maritimo-OAB-Santos.jpeg 994w\" sizes=\"(max-width: 992px) 100vw, 992px\" \/>\t\t\t\t\t\t\t\t\t\t\t\t\t\t\t<\/div>\n\t\t\t\t<\/div>\n\t\t\t\t\t<\/div>\n\t\t<\/div>\n\t\t\t\t<div class=\"elementor-column elementor-col-33 elementor-top-column elementor-element elementor-element-99c8c67\" data-id=\"99c8c67\" data-element_type=\"column\">\n\t\t\t<div class=\"elementor-widget-wrap elementor-element-populated\">\n\t\t\t\t\t\t\t\t<div class=\"elementor-element elementor-element-393f533 elementor-widget elementor-widget-image\" data-id=\"393f533\" data-element_type=\"widget\" data-widget_type=\"image.default\">\n\t\t\t\t<div class=\"elementor-widget-container\">\n\t\t\t\t\t\t\t\t\t\t\t\t\t\t\t<img decoding=\"async\" width=\"685\" height=\"685\" src=\"https:\/\/zrnews.net\/wp-content\/uploads\/2024\/07\/1678443421068.jpg\" class=\"attachment-large size-large wp-image-382\" alt=\"\" loading=\"lazy\" srcset=\"https:\/\/zrnews.net\/wp-content\/uploads\/2024\/07\/1678443421068.jpg 685w, https:\/\/zrnews.net\/wp-content\/uploads\/2024\/07\/1678443421068-300x300.jpg 300w, https:\/\/zrnews.net\/wp-content\/uploads\/2024\/07\/1678443421068-150x150.jpg 150w\" sizes=\"(max-width: 685px) 100vw, 685px\" \/>\t\t\t\t\t\t\t\t\t\t\t\t\t\t\t<\/div>\n\t\t\t\t<\/div>\n\t\t\t\t\t<\/div>\n\t\t<\/div>\n\t\t\t\t\t\t\t<\/div>\n\t\t<\/section>\n\t\t\t\t<section class=\"elementor-section elementor-top-section elementor-element elementor-element-4910972 elementor-section-boxed elementor-section-height-default elementor-section-height-default\" data-id=\"4910972\" data-element_type=\"section\">\n\t\t\t\t\t\t<div class=\"elementor-container elementor-column-gap-default\">\n\t\t\t\t\t<div class=\"elementor-column elementor-col-33 elementor-top-column elementor-element elementor-element-9ee6c0e\" data-id=\"9ee6c0e\" data-element_type=\"column\">\n\t\t\t<div class=\"elementor-widget-wrap elementor-element-populated\">\n\t\t\t\t\t\t\t\t<div class=\"elementor-element elementor-element-40d7a8c elementor-widget elementor-widget-heading\" data-id=\"40d7a8c\" data-element_type=\"widget\" data-widget_type=\"heading.default\">\n\t\t\t\t<div class=\"elementor-widget-container\">\n\t\t\t<h2 class=\"elementor-heading-title elementor-size-large\">Marcelo Sammarco<\/h2>\t\t<\/div>\n\t\t\t\t<\/div>\n\t\t\t\t\t<\/div>\n\t\t<\/div>\n\t\t\t\t<div class=\"elementor-column elementor-col-33 elementor-top-column elementor-element elementor-element-d210080\" data-id=\"d210080\" data-element_type=\"column\">\n\t\t\t<div class=\"elementor-widget-wrap elementor-element-populated\">\n\t\t\t\t\t\t\t\t<div class=\"elementor-element elementor-element-18d4731 elementor-widget elementor-widget-heading\" data-id=\"18d4731\" data-element_type=\"widget\" data-widget_type=\"heading.default\">\n\t\t\t\t<div class=\"elementor-widget-container\">\n\t\t\t<h2 class=\"elementor-heading-title elementor-size-large\">Maria Cristina Gontijo<\/h2>\t\t<\/div>\n\t\t\t\t<\/div>\n\t\t\t\t\t<\/div>\n\t\t<\/div>\n\t\t\t\t<div class=\"elementor-column elementor-col-33 elementor-top-column elementor-element elementor-element-d13595b\" data-id=\"d13595b\" data-element_type=\"column\">\n\t\t\t<div class=\"elementor-widget-wrap elementor-element-populated\">\n\t\t\t\t\t\t\t\t<div class=\"elementor-element elementor-element-74ce9ee elementor-widget elementor-widget-heading\" data-id=\"74ce9ee\" data-element_type=\"widget\" data-widget_type=\"heading.default\">\n\t\t\t\t<div class=\"elementor-widget-container\">\n\t\t\t<h2 class=\"elementor-heading-title elementor-size-large\">Fabrizio Pierdomenico<\/h2>\t\t<\/div>\n\t\t\t\t<\/div>\n\t\t\t\t\t<\/div>\n\t\t<\/div>\n\t\t\t\t\t\t\t<\/div>\n\t\t<\/section>\n\t\t\t\t<section class=\"elementor-section elementor-top-section elementor-element elementor-element-e7b9b04 elementor-section-boxed elementor-section-height-default elementor-section-height-default\" data-id=\"e7b9b04\" data-element_type=\"section\">\n\t\t\t\t\t\t<div class=\"elementor-container elementor-column-gap-default\">\n\t\t\t\t\t<div class=\"elementor-column elementor-col-33 elementor-top-column elementor-element elementor-element-af78b53\" data-id=\"af78b53\" data-element_type=\"column\">\n\t\t\t<div class=\"elementor-widget-wrap elementor-element-populated\">\n\t\t\t\t\t\t\t\t<div class=\"elementor-element elementor-element-9ef6c28 elementor-widget elementor-widget-text-editor\" data-id=\"9ef6c28\" data-element_type=\"widget\" data-widget_type=\"text-editor.default\">\n\t\t\t\t<div class=\"elementor-widget-container\">\n\t\t\t\t\t\t\t<p>Advogado especializado em direito mar\u00edtimo e portu\u00e1rio<\/p>\t\t\t\t\t\t<\/div>\n\t\t\t\t<\/div>\n\t\t\t\t\t<\/div>\n\t\t<\/div>\n\t\t\t\t<div class=\"elementor-column elementor-col-33 elementor-top-column elementor-element elementor-element-6aa97e2\" data-id=\"6aa97e2\" data-element_type=\"column\">\n\t\t\t<div class=\"elementor-widget-wrap elementor-element-populated\">\n\t\t\t\t\t\t\t\t<div class=\"elementor-element elementor-element-57b71f2 elementor-widget elementor-widget-text-editor\" data-id=\"57b71f2\" data-element_type=\"widget\" data-widget_type=\"text-editor.default\">\n\t\t\t\t<div class=\"elementor-widget-container\">\n\t\t\t\t\t\t\t<p>Advogada, professora universit\u00e1ria e pesquisadora do Nepont Unisanta<\/p>\t\t\t\t\t\t<\/div>\n\t\t\t\t<\/div>\n\t\t\t\t\t<\/div>\n\t\t<\/div>\n\t\t\t\t<div class=\"elementor-column elementor-col-33 elementor-top-column elementor-element elementor-element-65938b2\" data-id=\"65938b2\" data-element_type=\"column\">\n\t\t\t<div class=\"elementor-widget-wrap elementor-element-populated\">\n\t\t\t\t\t\t\t\t<div class=\"elementor-element elementor-element-8e063ba elementor-widget elementor-widget-text-editor\" data-id=\"8e063ba\" data-element_type=\"widget\" data-widget_type=\"text-editor.default\">\n\t\t\t\t<div class=\"elementor-widget-container\">\n\t\t\t\t\t\t\t<p>Consultor portu\u00e1rio e ex- secret\u00e1rio nacional de Portos<\/p>\t\t\t\t\t\t<\/div>\n\t\t\t\t<\/div>\n\t\t\t\t\t<\/div>\n\t\t<\/div>\n\t\t\t\t\t\t\t<\/div>\n\t\t<\/section>\n\t\t\t\t\t\t\t<\/div>\n\t\t","protected":false},"excerpt":{"rendered":"<p>O Porto News \u00e9 o quadro do Programa ZR News direcionado ao segmento portu\u00e1rio que vai ao ar todas as quintas-feiras. As entrevistas do quadro abordam a import\u00e2ncia do Porto de Santos para a economia da cidade, da regi\u00e3o e do pa\u00eds, sempre trazendo especialistas e convidados especiais, com foco principal na gera\u00e7\u00e3o de neg\u00f3cios,&hellip;&nbsp;<a href=\"https:\/\/zrnews.net\/index.php\/porto-news\/\" class=\"\" rel=\"bookmark\">Read More &raquo;<span class=\"screen-reader-text\">Porto News<\/span><\/a><\/p>\n","protected":false},"author":1,"featured_media":0,"parent":0,"menu_order":0,"comment_status":"closed","ping_status":"closed","template":"page-templates\/template-pagebuilder-full-width.php","meta":{"om_disable_all_campaigns":false,"_mi_skip_tracking":false,"neve_meta_sidebar":"","neve_meta_container":"","neve_meta_enable_content_width":"","neve_meta_content_width":0,"neve_meta_title_alignment":"","neve_meta_author_avatar":"","neve_post_elements_order":"","neve_meta_disable_header":"","neve_meta_disable_footer":"","neve_meta_disable_title":""},"yoast_head":"<!-- This site is optimized with the Yoast SEO plugin v20.5 - https:\/\/yoast.com\/wordpress\/plugins\/seo\/ -->\n<title>Porto News -<\/title>\n<meta name=\"robots\" content=\"index, follow, max-snippet:-1, max-image-preview:large, max-video-preview:-1\" \/>\n<link rel=\"canonical\" href=\"https:\/\/zrnews.net\/index.php\/porto-news\/\" \/>\n<meta property=\"og:locale\" content=\"en_US\" \/>\n<meta property=\"og:type\" content=\"article\" \/>\n<meta property=\"og:title\" content=\"Porto News -\" \/>\n<meta property=\"og:description\" content=\"O Porto News \u00e9 o quadro do Programa ZR News direcionado ao segmento portu\u00e1rio que vai ao ar todas as quintas-feiras. As entrevistas do quadro abordam a import\u00e2ncia do Porto de Santos para a economia da cidade, da regi\u00e3o e do pa\u00eds, sempre trazendo especialistas e convidados especiais, com foco principal na gera\u00e7\u00e3o de neg\u00f3cios,&hellip;&nbsp;Read More &raquo;Porto News\" \/>\n<meta property=\"og:url\" content=\"https:\/\/zrnews.net\/index.php\/porto-news\/\" \/>\n<meta property=\"article:modified_time\" content=\"2024-07-04T22:24:35+00:00\" \/>\n<meta property=\"og:image\" content=\"http:\/\/zrnews.net\/wp-content\/uploads\/2023\/04\/Porto-de-Santos-Porto-News-1024x636.png\" \/>\n<meta name=\"twitter:card\" content=\"summary_large_image\" \/>\n<meta name=\"twitter:label1\" content=\"Est. reading time\" \/>\n\t<meta name=\"twitter:data1\" content=\"2 minutes\" \/>\n<script type=\"application\/ld+json\" class=\"yoast-schema-graph\">{\"@context\":\"https:\/\/schema.org\",\"@graph\":[{\"@type\":\"WebPage\",\"@id\":\"https:\/\/zrnews.net\/index.php\/porto-news\/\",\"url\":\"https:\/\/zrnews.net\/index.php\/porto-news\/\",\"name\":\"Porto News -\",\"isPartOf\":{\"@id\":\"https:\/\/zrnews.net\/#website\"},\"datePublished\":\"2023-04-10T18:37:11+00:00\",\"dateModified\":\"2024-07-04T22:24:35+00:00\",\"breadcrumb\":{\"@id\":\"https:\/\/zrnews.net\/index.php\/porto-news\/#breadcrumb\"},\"inLanguage\":\"en-US\",\"potentialAction\":[{\"@type\":\"ReadAction\",\"target\":[\"https:\/\/zrnews.net\/index.php\/porto-news\/\"]}]},{\"@type\":\"BreadcrumbList\",\"@id\":\"https:\/\/zrnews.net\/index.php\/porto-news\/#breadcrumb\",\"itemListElement\":[{\"@type\":\"ListItem\",\"position\":1,\"name\":\"In\u00edcio\",\"item\":\"https:\/\/zrnews.net\/\"},{\"@type\":\"ListItem\",\"position\":2,\"name\":\"Porto News\"}]},{\"@type\":\"WebSite\",\"@id\":\"https:\/\/zrnews.net\/#website\",\"url\":\"https:\/\/zrnews.net\/\",\"name\":\"\",\"description\":\"\",\"potentialAction\":[{\"@type\":\"SearchAction\",\"target\":{\"@type\":\"EntryPoint\",\"urlTemplate\":\"https:\/\/zrnews.net\/?s={search_term_string}\"},\"query-input\":\"required name=search_term_string\"}],\"inLanguage\":\"en-US\"}]}<\/script>\n<!-- \/ Yoast SEO plugin. -->","yoast_head_json":{"title":"Porto News -","robots":{"index":"index","follow":"follow","max-snippet":"max-snippet:-1","max-image-preview":"max-image-preview:large","max-video-preview":"max-video-preview:-1"},"canonical":"https:\/\/zrnews.net\/index.php\/porto-news\/","og_locale":"en_US","og_type":"article","og_title":"Porto News -","og_description":"O Porto News \u00e9 o quadro do Programa ZR News direcionado ao segmento portu\u00e1rio que vai ao ar todas as quintas-feiras. As entrevistas do quadro abordam a import\u00e2ncia do Porto de Santos para a economia da cidade, da regi\u00e3o e do pa\u00eds, sempre trazendo especialistas e convidados especiais, com foco principal na gera\u00e7\u00e3o de neg\u00f3cios,&hellip;&nbsp;Read More &raquo;Porto News","og_url":"https:\/\/zrnews.net\/index.php\/porto-news\/","article_modified_time":"2024-07-04T22:24:35+00:00","og_image":[{"url":"http:\/\/zrnews.net\/wp-content\/uploads\/2023\/04\/Porto-de-Santos-Porto-News-1024x636.png"}],"twitter_card":"summary_large_image","twitter_misc":{"Est. reading time":"2 minutes"},"schema":{"@context":"https:\/\/schema.org","@graph":[{"@type":"WebPage","@id":"https:\/\/zrnews.net\/index.php\/porto-news\/","url":"https:\/\/zrnews.net\/index.php\/porto-news\/","name":"Porto News -","isPartOf":{"@id":"https:\/\/zrnews.net\/#website"},"datePublished":"2023-04-10T18:37:11+00:00","dateModified":"2024-07-04T22:24:35+00:00","breadcrumb":{"@id":"https:\/\/zrnews.net\/index.php\/porto-news\/#breadcrumb"},"inLanguage":"en-US","potentialAction":[{"@type":"ReadAction","target":["https:\/\/zrnews.net\/index.php\/porto-news\/"]}]},{"@type":"BreadcrumbList","@id":"https:\/\/zrnews.net\/index.php\/porto-news\/#breadcrumb","itemListElement":[{"@type":"ListItem","position":1,"name":"In\u00edcio","item":"https:\/\/zrnews.net\/"},{"@type":"ListItem","position":2,"name":"Porto News"}]},{"@type":"WebSite","@id":"https:\/\/zrnews.net\/#website","url":"https:\/\/zrnews.net\/","name":"","description":"","potentialAction":[{"@type":"SearchAction","target":{"@type":"EntryPoint","urlTemplate":"https:\/\/zrnews.net\/?s={search_term_string}"},"query-input":"required name=search_term_string"}],"inLanguage":"en-US"}]}},"_links":{"self":[{"href":"https:\/\/zrnews.net\/index.php\/wp-json\/wp\/v2\/pages\/263"}],"collection":[{"href":"https:\/\/zrnews.net\/index.php\/wp-json\/wp\/v2\/pages"}],"about":[{"href":"https:\/\/zrnews.net\/index.php\/wp-json\/wp\/v2\/types\/page"}],"author":[{"embeddable":true,"href":"https:\/\/zrnews.net\/index.php\/wp-json\/wp\/v2\/users\/1"}],"replies":[{"embeddable":true,"href":"https:\/\/zrnews.net\/index.php\/wp-json\/wp\/v2\/comments?post=263"}],"version-history":[{"count":14,"href":"https:\/\/zrnews.net\/index.php\/wp-json\/wp\/v2\/pages\/263\/revisions"}],"predecessor-version":[{"id":388,"href":"https:\/\/zrnews.net\/index.php\/wp-json\/wp\/v2\/pages\/263\/revisions\/388"}],"wp:attachment":[{"href":"https:\/\/zrnews.net\/index.php\/wp-json\/wp\/v2\/media?parent=263"}],"curies":[{"name":"wp","href":"https:\/\/api.w.org\/{rel}","templated":true}]}}